{"id":86,"date":"2022-11-10T22:24:18","date_gmt":"2022-11-10T22:24:18","guid":{"rendered":"https:\/\/www.schulverein-reesenbuettel.de\/?page_id=86"},"modified":"2025-09-24T15:29:51","modified_gmt":"2025-09-24T14:29:51","slug":"impressum","status":"publish","type":"page","link":"https:\/\/www.schulverein-reesenbuettel.de\/index.php\/impressum\/","title":{"rendered":"Impressum"},"content":{"rendered":"\n<p>Angaben gem\u00e4\u00df \u00a7 5 TMG<br>Schulverein der Grundschule Am Reesenb\u00fcttel e.V<br>Schimmelmannstra\u00dfe 46<br>22926 Ahrensburg<\/p>\n\n\n\n<p><br>Vereinsregister: VR 2051 AH<br>Registergericht: Amtsgericht L\u00fcbeck<\/p>\n\n\n\n<p><br>Vertreten durch:<\/p>\n\n\n\n<figure class=\"wp-block-table\"><table><tbody><tr><td><strong>Frank Ecker<\/strong><\/td><td>1. Vorsitzender<\/td><\/tr><tr><td><strong>Robert Blanck<\/strong><\/td><td>2. Vorsitzender<\/td><\/tr><tr><td><strong>Philipp Peters<\/strong><\/td><td>Kassenwart<\/td><\/tr><tr><td><strong>Sven Hagelstein<\/strong><\/td><td>Schriftf\u00fchrer<\/td><\/tr><\/tbody><\/table><figcaption class=\"wp-element-caption\">Aufstellung des Vorstands<\/figcaption><\/figure>\n\n\n\n<p><br>Kontakt<br>E-Mail: schulverein@reesenbuettel.de<br><\/p>\n\n\n\n<p>Umsatzsteuer-ID<br>Umsatzsteuer-Identifikationsnummer gem\u00e4\u00df \u00a7 27 a Umsatzsteuergesetz:<br>folgt<br><\/p>\n\n\n\n<p>Verbraucherstreitbeilegung\/Universalschlichtungsstelle<br>Wir sind nicht bereit oder verpflichtet, an Streitbeilegungsverfahren vor einerVerbraucherschlichtungsstelle teilzunehmen.<\/p>\n\n\n\n<p><br>Quelle:<br>https:\/\/www.e-recht24.de\/impressum-generator.html<\/p>\n","protected":false},"excerpt":{"rendered":"<p>Angaben gem\u00e4\u00df \u00a7 5 TMGSchulverein der Grundschule Am Reesenb\u00fcttel e.VSchimmelmannstra\u00dfe 4622926 Ahrensburg Vereinsregister: VR 2051 AHRegistergericht: Amtsgericht L\u00fcbeck Vertreten durch: KontaktE-Mail: schulverein@reesenbuettel.de Umsatzsteuer-IDUmsatzsteuer-Identifikationsnummer gem\u00e4\u00df \u00a7 27 a Umsatzsteuergesetz:folgt Verbraucherstreitbeilegung\/UniversalschlichtungsstelleWir sind nicht bereit oder verpflichtet, an Streitbeilegungsverfahren vor einerVerbraucherschlichtungsstelle teilzunehmen. Quelle:https:\/\/www.e-recht24.de\/impressum-generator.html<\/p>\n","protected":false},"author":1,"featured_media":0,"parent":0,"menu_order":0,"comment_status":"closed","ping_status":"closed","template":"","meta":{"footnotes":""},"class_list":["post-86","page","type-page","status-publish","hentry"],"_links":{"self":[{"href":"https:\/\/www.schulverein-reesenbuettel.de\/index.php\/wp-json\/wp\/v2\/pages\/86","targetHints":{"allow":["GET"]}}],"collection":[{"href":"https:\/\/www.schulverein-reesenbuettel.de\/index.php\/wp-json\/wp\/v2\/pages"}],"about":[{"href":"https:\/\/www.schulverein-reesenbuettel.de\/index.php\/wp-json\/wp\/v2\/types\/page"}],"author":[{"embeddable":true,"href":"https:\/\/www.schulverein-reesenbuettel.de\/index.php\/wp-json\/wp\/v2\/users\/1"}],"replies":[{"embeddable":true,"href":"https:\/\/www.schulverein-reesenbuettel.de\/index.php\/wp-json\/wp\/v2\/comments?post=86"}],"version-history":[{"count":10,"href":"https:\/\/www.schulverein-reesenbuettel.de\/index.php\/wp-json\/wp\/v2\/pages\/86\/revisions"}],"predecessor-version":[{"id":250,"href":"https:\/\/www.schulverein-reesenbuettel.de\/index.php\/wp-json\/wp\/v2\/pages\/86\/revisions\/250"}],"wp:attachment":[{"href":"https:\/\/www.schulverein-reesenbuettel.de\/index.php\/wp-json\/wp\/v2\/media?parent=86"}],"curies":[{"name":"wp","href":"https:\/\/api.w.org\/{rel}","templated":true}]}}